
{"id":168,"date":"2025-08-12T20:45:19","date_gmt":"2025-08-12T20:45:19","guid":{"rendered":"https:\/\/stupido-running.fr\/?page_id=168"},"modified":"2025-08-19T13:46:53","modified_gmt":"2025-08-19T13:46:53","slug":"gestion-des-cookies","status":"publish","type":"page","link":"https:\/\/stupido-running.fr\/index.php\/gestion-des-cookies\/","title":{"rendered":"Gestion des cookies"},"content":{"rendered":"\n<!doctype html>\n<html lang=\"fr\"><meta charset=\"utf-8\"><title>Gestion des cookies \u2014 Stupido Running Club<\/title>\n<main>\n\n\n<h2>1. D\u00e9finition<\/h2>\n<p>Un cookie est un fichier texte d\u00e9pos\u00e9 sur votre appareil lors de votre visite.<\/p>\n\n<h2>2. Cookies utilis\u00e9s<\/h2>\n<ul>\n  <li>Techniques n\u00e9cessaires au fonctionnement du site<\/li>\n  <li>Mesure d\u2019audience (ex. Google Analytics\/Matomo)<\/li>\n  <li>R\u00e9seaux sociaux (Instagram, Facebook, X) lors des interactions<\/li>\n<\/ul>\n\n<h2>3. Param\u00e9trage<\/h2>\n<p>Via notre bandeau d\u2019acceptation et\/ou les r\u00e9glages de votre navigateur.<\/p>\n\n<h2>4. Dur\u00e9e<\/h2>\n<p>Conservation maximale de 13 mois pour les cookies soumis au consentement.<\/p>\n<\/main>\n<\/html>\n","protected":false},"excerpt":{"rendered":"<p>Gestion des cookies \u2014 Stupido Running Club 1. D\u00e9finition Un cookie est un fichier texte d\u00e9pos\u00e9 sur votre appareil lors de votre visite. 2. Cookies utilis\u00e9s Techniques n\u00e9cessaires au fonctionnement du site Mesure d\u2019audience (ex. Google Analytics\/Matomo) R\u00e9seaux sociaux (Instagram, Facebook, X) lors des interactions 3. Param\u00e9trage Via notre bandeau d\u2019acceptation et\/ou les r\u00e9glages de [&hellip;]<\/p>\n","protected":false},"author":1,"featured_media":0,"parent":0,"menu_order":0,"comment_status":"closed","ping_status":"closed","template":"","meta":{"footnotes":""},"class_list":["post-168","page","type-page","status-publish"],"jetpack_sharing_enabled":true,"_links":{"self":[{"href":"https:\/\/stupido-running.fr\/index.php\/wp-json\/wp\/v2\/pages\/168","targetHints":{"allow":["GET"]}}],"collection":[{"href":"https:\/\/stupido-running.fr\/index.php\/wp-json\/wp\/v2\/pages"}],"about":[{"href":"https:\/\/stupido-running.fr\/index.php\/wp-json\/wp\/v2\/types\/page"}],"author":[{"embeddable":true,"href":"https:\/\/stupido-running.fr\/index.php\/wp-json\/wp\/v2\/users\/1"}],"replies":[{"embeddable":true,"href":"https:\/\/stupido-running.fr\/index.php\/wp-json\/wp\/v2\/comments?post=168"}],"version-history":[{"count":2,"href":"https:\/\/stupido-running.fr\/index.php\/wp-json\/wp\/v2\/pages\/168\/revisions"}],"predecessor-version":[{"id":315,"href":"https:\/\/stupido-running.fr\/index.php\/wp-json\/wp\/v2\/pages\/168\/revisions\/315"}],"wp:attachment":[{"href":"https:\/\/stupido-running.fr\/index.php\/wp-json\/wp\/v2\/media?parent=168"}],"curies":[{"name":"wp","href":"https:\/\/api.w.org\/{rel}","templated":true}]}}